{"id":745,"date":"2025-05-18T17:47:01","date_gmt":"2025-05-18T15:47:01","guid":{"rendered":"https:\/\/petraescaperoom.com\/?page_id=745"},"modified":"2025-05-18T19:19:17","modified_gmt":"2025-05-18T17:19:17","slug":"adrenalina","status":"publish","type":"page","link":"https:\/\/petraescaperoom.com\/index.php\/adrenalina\/","title":{"rendered":"ADRENALINA"},"content":{"rendered":"<p>[et_pb_section fb_built=\u00bb1&#8243; _builder_version=\u00bb4.10.7&#8243; _module_preset=\u00bbdefault\u00bb background_image=\u00bbhttps:\/\/petraescaperoom.com\/wp-content\/uploads\/2025\/05\/logoAdrenalina.png\u00bb min_height=\u00bb324px\u00bb custom_margin=\u00bb||36px|||\u00bb hover_enabled=\u00bb0&#8243; global_colors_info=\u00bb{}\u00bb sticky_enabled=\u00bb0&#8243; overflow-x=\u00bbauto\u00bb][\/et_pb_section][et_pb_section fb_built=\u00bb1&#8243; _builder_version=\u00bb4.10.7&#8243; _module_preset=\u00bbdefault\u00bb background_color=\u00bb#000000&#8243; custom_padding=\u00bb4px||0px|||\u00bb global_colors_info=\u00bb{}\u00bb][et_pb_row _builder_version=\u00bb4.10.7&#8243; _module_preset=\u00bbdefault\u00bb global_colors_info=\u00bb{}\u00bb][et_pb_column type=\u00bb4_4&#8243; _builder_version=\u00bb4.10.7&#8243; _module_preset=\u00bbdefault\u00bb global_colors_info=\u00bb{}\u00bb][et_pb_text _builder_version=\u00bb4.10.7&#8243; _module_preset=\u00bbdefault\u00bb text_font=\u00bbAbel||||||||\u00bb text_text_color=\u00bb#FFFFFF\u00bb text_font_size=\u00bb22px\u00bb global_colors_info=\u00bb{}\u00bb]<\/p>\n<p>Tras la puesta en marcha del Proyecto Especial de Transformaci\u00f3n de Realidades Artificiales (P.E.T.R.A) algo se ha descontrolado.<\/p>\n<p>La IA parece tener control sobre la Humanidad, ocasionando dificultades tecnol\u00f3gicas, brechas en los hogares y empresas por todo el Mundo, desesperaci\u00f3n, pobreza y &#8230; muerte.<\/p>\n<p>La situaci\u00f3n es insostenible, la Humanidad se enfrente a su posible extinci\u00f3n.<\/p>\n<p>Pero hay una posibilidad&#8230; Se ha detectado una brecha de seguridad que permite enviar a un equipo especializado para intentar neutralizar a la IA.<\/p>\n<p>Se ha lanzado una bomba electr\u00f3nica que permite inutilizar parte de las funciones del superordenador.<\/p>\n<p>El equipo debe adentrarse en el Centro de Control, configurar el reinicio del sistema, investigar los conocimientos de la inteligencia artificial y destruirla desde dentro.<\/p>\n<p>\u00a1Contamos con vosotros! \u00a1La Humanidad os necesita!<\/p>\n<p>&nbsp;<\/p>\n<p>[\/et_pb_text][\/et_pb_column][\/et_pb_row][\/et_pb_section][et_pb_section fb_built=\u00bb1&#8243; _builder_version=\u00bb4.10.7&#8243; _module_preset=\u00bbdefault\u00bb background_color=\u00bb#000000&#8243; custom_margin=\u00bb-84px|||||\u00bb custom_padding=\u00bb||0px|||\u00bb global_colors_info=\u00bb{}\u00bb][et_pb_row _builder_version=\u00bb4.10.7&#8243; _module_preset=\u00bbdefault\u00bb global_colors_info=\u00bb{}\u00bb][et_pb_column type=\u00bb4_4&#8243; _builder_version=\u00bb4.10.7&#8243; _module_preset=\u00bbdefault\u00bb global_colors_info=\u00bb{}\u00bb][et_pb_text _builder_version=\u00bb4.10.7&#8243; _module_preset=\u00bbdefault\u00bb text_font=\u00bbAbel||||||||\u00bb text_text_color=\u00bb#EDF000&#8243; text_font_size=\u00bb40px\u00bb global_colors_info=\u00bb{}\u00bb]<\/p>\n<p style=\"text-align: center;\"><strong>PROYECTO EN CONSTRUCCI\u00d3N, APERTURA 2025<\/strong><\/p>\n<p>[\/et_pb_text][\/et_pb_column][\/et_pb_row][et_pb_row _builder_version=\u00bb4.10.7&#8243; _module_preset=\u00bbdefault\u00bb global_colors_info=\u00bb{}\u00bb][et_pb_column type=\u00bb4_4&#8243; _builder_version=\u00bb4.10.7&#8243; _module_preset=\u00bbdefault\u00bb global_colors_info=\u00bb{}\u00bb][et_pb_text _builder_version=\u00bb4.10.7&#8243; _module_preset=\u00bbdefault\u00bb text_font=\u00bbAbel||||||||\u00bb text_text_color=\u00bb#0C71C3&#8243; text_font_size=\u00bb20px\u00bb text_orientation=\u00bbcenter\u00bb global_colors_info=\u00bb{}\u00bb]<\/p>\n<p><strong>Juego en Espa\u00f1ol e Ingl\u00e9s. En breve ser\u00e1 posible en Franc\u00e9s y Alem\u00e1n<\/strong><\/p>\n<p>[\/et_pb_text][\/et_pb_column][\/et_pb_row][\/et_pb_section][et_pb_section fb_built=\u00bb1&#8243; _builder_version=\u00bb4.10.7&#8243; _module_preset=\u00bbdefault\u00bb background_color=\u00bbrgba(0,74,102,0.51)\u00bb global_colors_info=\u00bb{}\u00bb][et_pb_row _builder_version=\u00bb4.10.7&#8243; _module_preset=\u00bbdefault\u00bb global_colors_info=\u00bb{}\u00bb][et_pb_column type=\u00bb4_4&#8243; _builder_version=\u00bb4.10.7&#8243; _module_preset=\u00bbdefault\u00bb global_colors_info=\u00bb{}\u00bb][et_pb_video src=\u00bbhttps:\/\/petraescaperoom.com\/wp-content\/uploads\/2025\/03\/Teaser-10escapes-ADRENALINA.mp4&#8243; _builder_version=\u00bb4.10.7&#8243; _module_preset=\u00bbdefault\u00bb global_colors_info=\u00bb{}\u00bb][\/et_pb_video][\/et_pb_column][\/et_pb_row][\/et_pb_section]<\/p>\n","protected":false},"excerpt":{"rendered":"<p>Tras la puesta en marcha del Proyecto Especial de Transformaci\u00f3n de Realidades Artificiales (P.E.T.R.A) algo se ha descontrolado. La IA parece tener control sobre la Humanidad, ocasionando dificultades tecnol\u00f3gicas, brechas en los hogares y empresas por todo el Mundo, desesperaci\u00f3n, pobreza y &#8230; muerte. La situaci\u00f3n es insostenible, la Humanidad se enfrente a su posible [&hellip;]<\/p>\n","protected":false},"author":1,"featured_media":0,"parent":0,"menu_order":0,"comment_status":"closed","ping_status":"closed","template":"","meta":{"_et_pb_use_builder":"on","_et_pb_old_content":"","_et_gb_content_width":"","footnotes":""},"class_list":["post-745","page","type-page","status-publish","hentry"],"_links":{"self":[{"href":"https:\/\/petraescaperoom.com\/index.php\/wp-json\/wp\/v2\/pages\/745","targetHints":{"allow":["GET"]}}],"collection":[{"href":"https:\/\/petraescaperoom.com\/index.php\/wp-json\/wp\/v2\/pages"}],"about":[{"href":"https:\/\/petraescaperoom.com\/index.php\/wp-json\/wp\/v2\/types\/page"}],"author":[{"embeddable":true,"href":"https:\/\/petraescaperoom.com\/index.php\/wp-json\/wp\/v2\/users\/1"}],"replies":[{"embeddable":true,"href":"https:\/\/petraescaperoom.com\/index.php\/wp-json\/wp\/v2\/comments?post=745"}],"version-history":[{"count":7,"href":"https:\/\/petraescaperoom.com\/index.php\/wp-json\/wp\/v2\/pages\/745\/revisions"}],"predecessor-version":[{"id":781,"href":"https:\/\/petraescaperoom.com\/index.php\/wp-json\/wp\/v2\/pages\/745\/revisions\/781"}],"wp:attachment":[{"href":"https:\/\/petraescaperoom.com\/index.php\/wp-json\/wp\/v2\/media?parent=745"}],"curies":[{"name":"wp","href":"https:\/\/api.w.org\/{rel}","templated":true}]}}