{"id":591,"date":"2023-07-31T16:33:51","date_gmt":"2023-07-31T14:33:51","guid":{"rendered":"https:\/\/petraescaperoom.com\/?page_id=591"},"modified":"2025-05-18T15:57:37","modified_gmt":"2025-05-18T13:57:37","slug":"privacidad","status":"publish","type":"page","link":"https:\/\/petraescaperoom.com\/index.php\/privacidad\/","title":{"rendered":"PRIVACIDAD"},"content":{"rendered":"<p>[et_pb_section fb_built=\u00bb1&#8243; _builder_version=\u00bb4.10.7&#8243; _module_preset=\u00bbdefault\u00bb custom_margin=\u00bb-84px|||||\u00bb custom_padding=\u00bb||0px|||\u00bb global_colors_info=\u00bb{}\u00bb][et_pb_row _builder_version=\u00bb4.10.7&#8243; _module_preset=\u00bbdefault\u00bb global_colors_info=\u00bb{}\u00bb][et_pb_column type=\u00bb4_4&#8243; _builder_version=\u00bb4.10.7&#8243; _module_preset=\u00bbdefault\u00bb global_colors_info=\u00bb{}\u00bb][et_pb_text _builder_version=\u00bb4.10.7&#8243; _module_preset=\u00bbdefault\u00bb text_text_color=\u00bb#000000&#8243; background_color=\u00bb#000000&#8243; global_colors_info=\u00bb{}\u00bb]<\/p>\n<p><b style=\"color: #ffffff; font-size: large;\"><\/b><\/p>\n<p style=\"text-align: center;\"><b style=\"color: #ffffff; font-size: large;\">Pol\u00edtica de privacidad<\/b><\/p>\n<p style=\"text-align: center;\"><span style=\"font-size: large; color: #ffffff;\"><b><\/b><\/span><\/p>\n<p>[\/et_pb_text][et_pb_text _builder_version=\u00bb4.10.7&#8243; _module_preset=\u00bbdefault\u00bb text_font_size=\u00bb17px\u00bb hover_enabled=\u00bb0&#8243; global_colors_info=\u00bb{}\u00bb sticky_enabled=\u00bb0&#8243;]<\/p>\n<p style=\"text-align: justify;\">La confidencialidad y la seguridad son valores fundamentales para Future Thinking SL, por lo que asumimos el compromiso de garantizar la privacidad del USUARIO en todo momento y de no recabar informaci\u00f3n que no sea necesaria.<\/p>\n<p style=\"text-align: justify;\">Proporcionamos a continuaci\u00f3n toda la informaci\u00f3n necesaria sobre nuestra pol\u00edtica de privacidad en relaci\u00f3n con los datos personales que recogemos, para lo cual explicamos:<\/p>\n<ul>\n<li style=\"text-align: justify;\">Qui\u00e9n es el responsable del tratamiento de sus datos<\/li>\n<li style=\"text-align: justify;\">Cu\u00e1les son las finalidades para las que recabamos los datos que solicitamos<\/li>\n<li style=\"text-align: justify;\">Cu\u00e1l es la legitimaci\u00f3n para su tratamiento<\/li>\n<li style=\"text-align: justify;\">Durante cu\u00e1nto tiempo los conservamos<\/li>\n<li style=\"text-align: justify;\">A qu\u00e9 destinatarios se comunican sus datos<\/li>\n<li style=\"text-align: justify;\">Cu\u00e1les son sus derechos<\/li>\n<\/ul>\n<p style=\"text-align: justify;\"><strong>Responsable: <\/strong>Future Thinking S.L.<\/p>\n<p style=\"text-align: justify;\"><strong>Finalidad:<\/strong> Legitimaci\u00f3n y conservaci\u00f3n de los tratamientos de los datos enviados a trav\u00e9s de los diferentes canales.<\/p>\n<p style=\"text-align: justify;\"><span style=\"text-decoration: underline;\"><strong>Formulario de contacto<\/strong><\/span><\/p>\n<p style=\"text-align: justify;\"><u>Finalidad<\/u>: facilitar un medio mediante el cual pueda ponerse en contacto con nosotros, realizar solicitudes de informaci\u00f3n a las que podamos dar respuesta<\/p>\n<p style=\"text-align: justify;\"><u>Legitimaci\u00f3n<\/u>: el consentimiento del usuario a recibir respuesta a sus consultas planteadas mediante el formulario de contacto<\/p>\n<p style=\"text-align: justify;\"><u>Conservaci\u00f3n<\/u>: una vez resuelta su solicitud mediante correo electr\u00f3nico u otros medios (llamada telef\u00f3nica, whatsapp), si no se genera un nuevo tratamiento, no se har\u00e1 uso de dichos datos<\/p>\n<p style=\"text-align: justify;\"><strong><\/strong><\/p>\n<p style=\"text-align: justify;\"><span style=\"text-decoration: underline;\"><strong>Env\u00edo de correos electr\u00f3nicos<\/strong><\/span><\/p>\n<p style=\"text-align: justify;\"><u>Finalidad<\/u>: contestar a sus solicitudes de informaci\u00f3n, atender sus peticiones y responder sus consultas o dudas. Si se recibe un curr\u00edculum vitae, los datos personales que en \u00e9l se recojan podr\u00e1n formar parte de nuestras bases de datos para participar en procesos de selecci\u00f3n presentes y futuros.<\/p>\n<p style=\"text-align: justify;\"><u>Legitimaci\u00f3n<\/u>: consentimiento del usuario al solicitar informaci\u00f3n a trav\u00e9s de la direcci\u00f3n de correo electr\u00f3nico o enviar sus datos \/ curr\u00edculum vitae para participar en procesos de selecci\u00f3n.<\/p>\n<p style=\"text-align: justify;\"><u>Conservaci\u00f3n<\/u>: una vez resulta contestada su petici\u00f3n por correo electr\u00f3nico, si no ha generado un nuevo tratamiento, no se har\u00e1 uso de esos datos. En caso de recibir su curr\u00edculum vitae, sus datos podr\u00e1n ser conservados durante un a\u00f1o m\u00e1ximo para futuros procesos de selecci\u00f3n.<\/p>\n<p style=\"text-align: justify;\"><strong><\/strong><\/p>\n<p style=\"text-align: justify;\"><span style=\"text-decoration: underline;\"><strong>Sistema de reservas<\/strong><\/span><\/p>\n<p style=\"text-align: justify;\"><u>Finalidad<\/u>: proporcionar un medio \u00e1gil mediante el cual reservar sesiones de juego en nuestra sala de escape.<\/p>\n<p style=\"text-align: justify;\"><u>Legitimaci\u00f3n<\/u>: el consentimiento del usuario al enviarnos su informaci\u00f3n a trav\u00e9s del sistema de reservas con la cual poder hacer efectiva cada reserva<\/p>\n<p style=\"text-align: justify;\"><u>Conservaci\u00f3n<\/u>: hasta que solicite la baja de los datos<\/p>\n<p style=\"text-align: justify;\"><u>Obligaci\u00f3n de facilitarnos sus datos personales<\/u>: las personas que suministren sus datos personales deben tener una edad m\u00ednima de 14 a\u00f1os.<\/p>\n<p style=\"text-align: justify;\">Los datos personales solicitados se utilizan \u00fanicamente para gestionar las solicitudes de reserva y poder prestar los servicios requeridos en las mejores condiciones.<\/p>\n<p style=\"text-align: justify;\"><strong><\/strong><\/p>\n<p style=\"text-align: justify;\"><span style=\"text-decoration: underline;\"><strong>Utilizaci\u00f3n de c\u00e1maras<\/strong><\/span><\/p>\n<p style=\"text-align: justify;\">Con el objetivo de que un empleado pueda seguir el desarrollo del juego y garantizar la seguridad de los participantes, se cuenta en las diferentes estancias con c\u00e1maras de visualizaci\u00f3n y grabaci\u00f3n.<\/p>\n<p style=\"text-align: justify;\">Por motivos de seguridad, se podr\u00e1n grabar las im\u00e1genes de la sesi\u00f3n, siendo \u00e9ste el prop\u00f3sito exclusivo de la grabaci\u00f3n. En ning\u00fan caso estas grabaciones podr\u00e1n ser reproducidas con otro fin ni compartidas.<\/p>\n<p style=\"text-align: justify;\">A estas grabaciones no tendr\u00e1 acceso ninguna persona externa a la empresa y no podr\u00e1n ser almacenadas durante un plazo mayor de dos a\u00f1os desde la fecha de la sesi\u00f3n.<\/p>\n<p style=\"text-align: justify;\">El equipo que realiza la reserva acepta estas condiciones por motivos de seguridad.<\/p>\n<p style=\"text-align: justify;\"><strong>\u00a0<\/strong><\/p>\n<p style=\"text-align: justify;\"><strong><span style=\"text-decoration: underline;\">Destinatarios de sus datos<\/span><br \/><\/strong>Sus datos son confidenciales y no se ceder\u00e1n a terceros, salvo que exista obligaci\u00f3n legal.<\/p>\n<p style=\"text-align: justify;\"><strong>\u00a0<\/strong><\/p>\n<p style=\"text-align: justify;\"><strong><span style=\"text-decoration: underline;\">Derechos en relaci\u00f3n con sus datos personales<\/span><br \/><\/strong>Cualquier persona puede retirar su consentimiento en cualquier momento, cuando el mismo se haya otorgado para el tratamiento de sus datos.<\/p>\n<p style=\"text-align: justify;\">En ning\u00fan caso, la retirada de este consentimiento condiciona la ejecuci\u00f3n del contrato de suscripci\u00f3n o las relaciones generadas con anterioridad.<\/p>\n<p style=\"text-align: justify;\">Igualmente, puede ejercer los siguientes derechos:<\/p>\n<ul>\n<li style=\"text-align: justify;\">Solicitar el acceso a sus datos personales o su rectificaci\u00f3n cuando sean inexactos o incompletos<\/li>\n<li style=\"text-align: justify;\">Solicitar su supresi\u00f3n cuando, entre otros motivos, los datos ya no sean necesarios para los fines para los que fueron recogidos<\/li>\n<li style=\"text-align: justify;\">Solicitar la limitaci\u00f3n de su tratamiento en determinadas circunstancias<\/li>\n<li style=\"text-align: justify;\">Solicitar la oposici\u00f3n al tratamiento de sus datos por motivos relacionados con su situaci\u00f3n particular<\/li>\n<li style=\"text-align: justify;\">Otros derechos reconocidos en las normativas aplicables<\/li>\n<\/ul>\n<p style=\"text-align: justify;\"><strong><span style=\"text-decoration: underline;\">D\u00f3nde y c\u00f3mo solicitar sus Derechos<\/span>:<\/strong> mediante un escrito dirigido al responsable a su direcci\u00f3n de correo electr\u00f3nico (presente en la secci\u00f3n \u201cContacto\u201d de la web, indicando la referencia \u201cDatos Personales\u201d, especificando el derecho que se quiere ejercer y respecto a qu\u00e9 datos personales.<\/p>\n<p style=\"text-align: justify;\">En caso de divergencias con la empresa en relaci\u00f3n con el tratamiento de sus datos, puede presentar una reclamaci\u00f3n ante la Agencia de Protecci\u00f3n de Datos (<a href=\"http:\/\/www.agpd.es\">www.agpd.es<\/a>).<\/p>\n<p style=\"text-align: justify;\"><strong><\/strong><\/p>\n<p style=\"text-align: justify;\"><strong><span style=\"text-decoration: underline;\">Seguridad de sus datos personales<\/span><br \/><\/strong>Con el objetivo de salvaguardar la seguridad de sus datos personales, le informamos que hemos adoptado todas las medidas de \u00edndole t\u00e9cnica y organizativa necesarias para garantizar la seguridad de los datos personales suministrados de su alteraci\u00f3n, p\u00e9rdida y tratamientos o accesos no autorizados.<\/p>\n<p style=\"text-align: justify;\"><strong><span style=\"text-decoration: underline;\">Actualizaci\u00f3n de sus datos<\/span><br \/><\/strong>Es importante que para que podamos mantener sus datos personales actualizados, nos informe siempre que haya habido alguna modificaci\u00f3n en ellos, en caso contrario, no respondemos de la veracidad de los mismos.<br \/>No nos hacemos responsables de la pol\u00edtica de privacidad respecto a los datos personales que pueda facilitar a terceros por medio de los enlaces disponibles en nuestra p\u00e1gina web.<br \/>La presente Pol\u00edtica de Privacidad puede ser modificada para adaptarlas a los cambios que se produzca en nuestra web, as\u00ed como modificaciones legislativas o jurisprudenciales sobre datos personales que vayan apareciendo, por lo que exige su lectura, cada vez que nos facilite sus datos a trav\u00e9s de esta Web.<\/p>\n<p style=\"text-align: justify;\"><strong>RESPONSABILIDADES<\/strong><br \/>Al poner a disposici\u00f3n del usuario esta p\u00e1gina Web queremos ofrecerle un servicio de calidad, utilizando la m\u00e1xima diligencia en la prestaci\u00f3n del mismo, as\u00ed como en los medios tecnol\u00f3gicos utilizados. No obstante, no responderemos de la presencia de virus y otros elementos que de alg\u00fan modo puedan da\u00f1ar el sistema inform\u00e1tico del usuario.<br \/>No garantizamos que la disponibilidad del servicio sea continua e ininterrumpida.<br \/>El USUARIO tiene prohibido cualquier tipo de acci\u00f3n sobre nuestro portal web que origine una excesiva sobrecarga de funcionamiento a nuestros sistemas inform\u00e1ticos, as\u00ed como la introducci\u00f3n de virus, o instalaci\u00f3n de robots, o software que altere el normal funcionamiento de nuestra web, o en definitiva pueda causar da\u00f1os a nuestros sistemas inform\u00e1ticos.<br \/>El USUARIO asume toda la responsabilidad derivada del uso de nuestra p\u00e1gina web.<br \/>El USUARIO reconoce que ha entendido toda la informaci\u00f3n respecto a las condiciones de uso de nuestro portal, y reconoce que son suficientes para la exclusi\u00f3n del error en las mismas, y por lo tanto, las acepta integra y expresamente.<\/p>\n<p style=\"text-align: justify;\"><span style=\"color: #0000ff;\"><em><strong>[ENGLISH VERSION]<\/strong><\/em><\/span><\/p>\n<p>Confidentiality and security are fundamental values for Future Thinking SL, which is why we assume the commitment to guarantee the privacy of the USER at all times and not to collect information that is not necessary.<\/p>\n<p>We provide below all the necessary information about our privacy policy in relation to the personal data we collect, for which we explain:<\/p>\n<ul>\n<li style=\"text-align: justify;\">Who is responsible for the processing of your data<\/li>\n<li style=\"text-align: justify;\">What the purposes for which we collect the data we request are<\/li>\n<li style=\"text-align: justify;\">What is the legitimacy for your treatment<\/li>\n<li style=\"text-align: justify;\">How long do we keep them<\/li>\n<li style=\"text-align: justify;\">To which recipients your data are communicated<\/li>\n<li style=\"text-align: justify;\">Which are your rights<\/li>\n<\/ul>\n<p style=\"text-align: justify;\"><strong>Responsible: <\/strong>Future Thinking S.L.<\/p>\n<p style=\"text-align: justify;\"><strong>Purpose:<\/strong> Legitimation and conservation of the treatment of the data sent through the different channels.<\/p>\n<p style=\"text-align: justify;\"><span style=\"text-decoration: underline;\"><strong>Contact Form<\/strong><\/span><\/p>\n<p style=\"text-align: justify;\"><u>Purpose<\/u>: provide a means by which you can contact us, make requests for information to which we can respond<\/p>\n<p style=\"text-align: justify;\"><u>Legitimation<\/u>: the user&#8217;s consent to receive a response to their queries raised through the contact form<\/p>\n<p style=\"text-align: justify;\"><u>Conservation<\/u>: once your request is resolved by email or other means (phone call, WhatsApp), if a new treatment is not generated, said data will not be used<\/p>\n<p style=\"text-align: justify;\"><span style=\"text-decoration: underline;\"><strong>Email sending<\/strong><\/span><\/p>\n<p style=\"text-align: justify;\"><u>Purpose<\/u>: answer your requests for information, attend to your requests and answer your queries or doubts. If a curriculum vitae is received, the personal data collected in it may form part of our databases to participate in present and future selection processes.<\/p>\n<p style=\"text-align: justify;\"><u>Legitimation<\/u>: consent of the user when requesting information through the email address or sending their data \/ curriculum vitae to participate in selection processes.<\/p>\n<p style=\"text-align: justify;\"><u>Conservation<\/u>: once your request is answered by email, if you have not generated a new treatment, that data will not be used. In case of receiving your curriculum vitae, your data may be kept for a maximum year for future selection processes.<\/p>\n<p style=\"text-align: justify;\"><span style=\"text-decoration: underline;\"><strong>Booking System<\/strong><\/span><\/p>\n<p style=\"text-align: justify;\"><u>Purpose<\/u>: provide a streamlined means by which to book game sessions in our escape room.<\/p>\n<p style=\"text-align: justify;\"><u>Legitimation<\/u>: the consent of the user when sending us their information through the reservation system with which to be able to make each reservation effective<\/p>\n<p style=\"text-align: justify;\"><u>Conservation<\/u>: until you request the removal of the data<\/p>\n<p style=\"text-align: justify;\"><span style=\"text-decoration: underline;\">Obligation to provide us with your personal data<\/span>: the people who provide their personal data must be at least 14 years of age.<\/p>\n<p style=\"text-align: justify;\">The personal data requested is used solely to manage reservation requests and to be able to provide the required services in the best conditions.<\/p>\n<p style=\"text-align: justify;\"><strong>\u00a0<\/strong><\/p>\n<p style=\"text-align: justify;\"><span style=\"text-decoration: underline;\"><strong>Use of Cameras<\/strong><\/span><\/p>\n<p>To ensure that employees can monitor the progress of the game and ensure the safety of participants, viewing and recording cameras are installed in the various rooms.<\/p>\n<p>For security reasons, images of the session may be recorded, and this is the sole purpose of the recording. Under no circumstances may these recordings be reproduced for any other purpose or shared.<\/p>\n<p>No one outside the company will have access to these recordings, and they may not be stored for more than two years from the date of the session.<\/p>\n<p>The booking team accepts these conditions for security reasons.<\/p>\n<p>&nbsp;<\/p>\n<p style=\"text-align: justify;\"><strong><span style=\"text-decoration: underline;\">Recipients of your data<\/span><br \/><\/strong>Your data are confidential and will not be transferred to third parties, unless there is a legal obligation.<\/p>\n<p style=\"text-align: justify;\"><strong>\u00a0<\/strong><\/p>\n<p style=\"text-align: justify;\"><strong><span style=\"text-decoration: underline;\">Rights in relation to your personal data<\/span><\/strong><\/p>\n<p>Rights in relation to your personal data<br \/>Anyone can withdraw their consent at any time, when it has been granted for the processing of their data.<\/p>\n<p>In no case, the withdrawal of this consent conditions the execution of the subscription contract or the relationships generated previously.<\/p>\n<p>Likewise, you can exercise the following rights:<strong><\/strong><\/p>\n<ul>\n<li style=\"text-align: justify;\">Request access to your personal data or its rectification when they are inaccurate or incomplete<\/li>\n<li style=\"text-align: justify;\">Request its deletion when, among other reasons, the data is no longer necessary for the purposes for which it was collected<\/li>\n<li style=\"text-align: justify;\">Request the limitation of your treatment in certain circumstances<\/li>\n<li style=\"text-align: justify;\">Request opposition to the processing of your data for reasons related to your particular situation<\/li>\n<li style=\"text-align: justify;\">Other rights recognized in the applicable regulations<\/li>\n<\/ul>\n<p style=\"text-align: justify;\"><strong><span style=\"text-decoration: underline;\">Where and how to request your rights<\/span>:<\/strong> by means of a letter addressed to the person in charge at their email address (present in the \u00abContact\u00bb section of the website, indicating the reference \u00abPersonal Data\u00bb, specifying the right that you want to exercise and with respect to which personal information.<\/p>\n<p style=\"text-align: justify;\">In case of disagreements with the company in relation to the processing of your data, you can file a claim with the Data Protection Agency (<a href=\"http:\/\/www.agpd.es\">www.agpd.es<\/a>).<\/p>\n<p style=\"text-align: justify;\"><strong><\/strong><\/p>\n<p style=\"text-align: justify;\"><strong><span style=\"text-decoration: underline;\">Security of your personal data<\/span><br \/><\/strong>In order to safeguard the security of your personal data, we inform you that we have adopted all the necessary technical and organizational measures to guarantee the security of the personal data provided against its alteration, loss and unauthorized treatment or access.<\/p>\n<p style=\"text-align: justify;\"><strong><span style=\"text-decoration: underline;\">Updating your data<\/span><br \/><\/strong>It is important that so that we can keep your personal data updated, you inform us whenever there has been any change in them, otherwise, we are not responsible for their veracity.<br \/>We are not responsible for the privacy policy regarding personal data that may be provided to third parties through the links available on our website.<br \/>This Privacy Policy can be modified to adapt them to the changes that occur on our website, as well as legislative or jurisprudential modifications on personal data that appear, for which reason it is required to be read, each time you provide us with your data through this website.<\/p>\n<p style=\"text-align: justify;\"><strong>RESPONSABILITIES<\/strong><br \/>By making this Web page available to the user, we want to offer a quality service, using the utmost diligence in providing it, as well as in the technological means used. However, we will not be responsible for the presence of viruses and other elements that may somehow damage the user&#8217;s computer system.<br \/>We do not guarantee that the availability of the service will be continuous and uninterrupted.<br \/>The USER is prohibited from any type of action on our web portal that causes an excessive overload of our computer systems, as well as the introduction of viruses, or the installation of robots, or software that alters the normal functioning of our website, or in short may cause damage to our computer systems.<br \/>The USER assumes all responsibility derived from the use of our website.<br \/>The USER acknowledges that he has understood all the information regarding the conditions of use of our portal, and acknowledges that they are sufficient to exclude the error in them, and therefore, he fully and expressly accepts them.<\/p>\n<p>[\/et_pb_text][\/et_pb_column][\/et_pb_row][\/et_pb_section][et_pb_section fb_built=\u00bb1&#8243; _builder_version=\u00bb4.10.7&#8243; _module_preset=\u00bbdefault\u00bb background_color=\u00bb#000000&#8243; min_height=\u00bb191.3px\u00bb global_colors_info=\u00bb{}\u00bb][et_pb_row _builder_version=\u00bb4.10.7&#8243; _module_preset=\u00bbdefault\u00bb global_colors_info=\u00bb{}\u00bb][et_pb_column type=\u00bb4_4&#8243; _builder_version=\u00bb4.10.7&#8243; _module_preset=\u00bbdefault\u00bb global_colors_info=\u00bb{}\u00bb][et_pb_button button_url=\u00bbhttps:\/\/petraescaperoom.com\u00bb button_text=\u00bbIr a inicio\u00bb button_alignment=\u00bbcenter\u00bb _builder_version=\u00bb4.10.7&#8243; _module_preset=\u00bbdefault\u00bb custom_button=\u00bbon\u00bb button_text_size=\u00bb31px\u00bb button_text_color=\u00bb#FFFFFF\u00bb button_bg_color=\u00bbrgba(43,38,35,0.51)\u00bb locked=\u00bboff\u00bb global_colors_info=\u00bb{}\u00bb][\/et_pb_button][\/et_pb_column][\/et_pb_row][\/et_pb_section]<\/p>\n","protected":false},"excerpt":{"rendered":"<p>Pol\u00edtica de privacidad La confidencialidad y la seguridad son valores fundamentales para Future Thinking SL, por lo que asumimos el compromiso de garantizar la privacidad del USUARIO en todo momento y de no recabar informaci\u00f3n que no sea necesaria. Proporcionamos a continuaci\u00f3n toda la informaci\u00f3n necesaria sobre nuestra pol\u00edtica de privacidad en relaci\u00f3n con los [&hellip;]<\/p>\n","protected":false},"author":1,"featured_media":0,"parent":0,"menu_order":0,"comment_status":"closed","ping_status":"closed","template":"","meta":{"_et_pb_use_builder":"on","_et_pb_old_content":"","_et_gb_content_width":"","footnotes":""},"class_list":["post-591","page","type-page","status-publish","hentry"],"_links":{"self":[{"href":"https:\/\/petraescaperoom.com\/index.php\/wp-json\/wp\/v2\/pages\/591","targetHints":{"allow":["GET"]}}],"collection":[{"href":"https:\/\/petraescaperoom.com\/index.php\/wp-json\/wp\/v2\/pages"}],"about":[{"href":"https:\/\/petraescaperoom.com\/index.php\/wp-json\/wp\/v2\/types\/page"}],"author":[{"embeddable":true,"href":"https:\/\/petraescaperoom.com\/index.php\/wp-json\/wp\/v2\/users\/1"}],"replies":[{"embeddable":true,"href":"https:\/\/petraescaperoom.com\/index.php\/wp-json\/wp\/v2\/comments?post=591"}],"version-history":[{"count":10,"href":"https:\/\/petraescaperoom.com\/index.php\/wp-json\/wp\/v2\/pages\/591\/revisions"}],"predecessor-version":[{"id":742,"href":"https:\/\/petraescaperoom.com\/index.php\/wp-json\/wp\/v2\/pages\/591\/revisions\/742"}],"wp:attachment":[{"href":"https:\/\/petraescaperoom.com\/index.php\/wp-json\/wp\/v2\/media?parent=591"}],"curies":[{"name":"wp","href":"https:\/\/api.w.org\/{rel}","templated":true}]}}